{"id":7776,"date":"2025-12-06T11:03:05","date_gmt":"2025-12-06T10:03:05","guid":{"rendered":"https:\/\/lilithbaie.fr\/?page_id=7776"},"modified":"2026-02-12T00:25:28","modified_gmt":"2026-02-11T23:25:28","slug":"design-graphique-mentions-legales","status":"publish","type":"page","link":"https:\/\/lilithbaie.fr\/en\/design-graphique-mentions-legales\/","title":{"rendered":"design-graphique-mentions l\u00e9gales"},"content":{"rendered":"<p>[et_pb_section fb_built=\u00a0\u00bb1&Prime; admin_label=\u00a0\u00bbComment cr\u00e9er un QR Code ?\u00a0\u00bb _builder_version=\u00a0\u00bb4.20.0&Prime; _module_preset=\u00a0\u00bbdefault\u00a0\u00bb custom_padding=\u00a0\u00bb0px||13px||false|false\u00a0\u00bb global_colors_info=\u00a0\u00bb{}\u00a0\u00bb][et_pb_row admin_label=\u00a0\u00bbPlan\u00a0\u00bb _builder_version=\u00a0\u00bb4.27.5&Prime; _module_preset=\u00a0\u00bbdefault\u00a0\u00bb background_enable_color=\u00a0\u00bboff\u00a0\u00bb width_tablet=\u00a0\u00bb\u00a0\u00bb width_phone=\u00a0\u00bb100%\u00a0\u00bb width_last_edited=\u00a0\u00bbon|phone\u00a0\u00bb max_width_tablet=\u00a0\u00bb\u00a0\u00bb max_width_phone=\u00a0\u00bb100%\u00a0\u00bb max_width_last_edited=\u00a0\u00bbon|phone\u00a0\u00bb custom_padding=\u00a0\u00bb||3px||false|false\u00a0\u00bb global_colors_info=\u00a0\u00bb{}\u00a0\u00bb][et_pb_column type=\u00a0\u00bb4_4&Prime; _builder_version=\u00a0\u00bb4.20.0&Prime; _module_preset=\u00a0\u00bbdefault\u00a0\u00bb global_colors_info=\u00a0\u00bb{}\u00a0\u00bb][et_pb_text admin_label=\u00a0\u00bb3 parties\u00a0\u00bb _builder_version=\u00a0\u00bb4.27.5&Prime; _module_preset=\u00a0\u00bbdefault\u00a0\u00bb text_font=\u00a0\u00bb|800||on|||||\u00a0\u00bb text_text_color=\u00a0\u00bb#ffffff\u00a0\u00bb text_font_size=\u00a0\u00bb40px\u00a0\u00bb header_font=\u00a0\u00bb|700|||||||\u00a0\u00bb header_text_align=\u00a0\u00bbleft\u00a0\u00bb header_text_color=\u00a0\u00bb#000000&Prime; header_font_size=\u00a0\u00bb32px\u00a0\u00bb header_2_font=\u00a0\u00bb|700||on|||||\u00a0\u00bb header_2_text_color=\u00a0\u00bb#000000&Prime; background_enable_color=\u00a0\u00bboff\u00a0\u00bb background_enable_pattern_style=\u00a0\u00bbon\u00a0\u00bb background_pattern_style=\u00a0\u00bbdiagonal-stripes\u00a0\u00bb background_pattern_color=\u00a0\u00bbrgba(133,238,242,0.17)\u00a0\u00bb custom_margin=\u00a0\u00bb||||false|false\u00a0\u00bb custom_padding=\u00a0\u00bb22px||28px|20px|false|false\u00a0\u00bb custom_padding_phone=\u00a0\u00bb||17px||false|false\u00a0\u00bb custom_padding_last_edited=\u00a0\u00bboff|desktop\u00a0\u00bb header_text_align_tablet=\u00a0\u00bbleft\u00a0\u00bb header_text_align_phone=\u00a0\u00bbleft\u00a0\u00bb header_text_align_last_edited=\u00a0\u00bbon|desktop\u00a0\u00bb header_font_size_tablet=\u00a0\u00bb32px\u00a0\u00bb header_font_size_phone=\u00a0\u00bb32px\u00a0\u00bb header_font_size_last_edited=\u00a0\u00bbon|phone\u00a0\u00bb header_line_height_tablet=\u00a0\u00bb\u00a0\u00bb header_line_height_phone=\u00a0\u00bb1.2em\u00a0\u00bb header_line_height_last_edited=\u00a0\u00bbon|phone\u00a0\u00bb text_text_shadow_style=\u00a0\u00bbpreset1&Prime; global_colors_info=\u00a0\u00bb{}\u00a0\u00bb]<\/p>\n<h1><b>Mentions l\u00e9gales<\/b><\/h1>\n<p>[\/et_pb_text][\/et_pb_column][\/et_pb_row][et_pb_row _builder_version=\u00a0\u00bb4.27.4&Prime; _module_preset=\u00a0\u00bbdefault\u00a0\u00bb global_colors_info=\u00a0\u00bb{}\u00a0\u00bb][et_pb_column type=\u00a0\u00bb4_4&Prime; _builder_version=\u00a0\u00bb4.27.4&Prime; _module_preset=\u00a0\u00bbdefault\u00a0\u00bb global_colors_info=\u00a0\u00bb{}\u00a0\u00bb][et_pb_text _builder_version=\u00a0\u00bb4.27.5&Prime; _module_preset=\u00a0\u00bbdefault\u00a0\u00bb header_2_font=\u00a0\u00bbDomaine Narrow semibold||||||||\u00a0\u00bb header_2_font_size=\u00a0\u00bb24px\u00a0\u00bb header_2_letter_spacing=\u00a0\u00bb1px\u00a0\u00bb custom_margin=\u00a0\u00bb||5px|||\u00a0\u00bb header_2_text_align_tablet=\u00a0\u00bb\u00a0\u00bb header_2_text_align_phone=\u00a0\u00bbcenter\u00a0\u00bb header_2_text_align_last_edited=\u00a0\u00bbon|phone\u00a0\u00bb header_2_font_size_tablet=\u00a0\u00bb24px\u00a0\u00bb header_2_font_size_phone=\u00a0\u00bb22px\u00a0\u00bb header_2_font_size_last_edited=\u00a0\u00bbon|phone\u00a0\u00bb header_2_line_height_tablet=\u00a0\u00bb\u00a0\u00bb header_2_line_height_phone=\u00a0\u00bb1.2em\u00a0\u00bb header_2_line_height_last_edited=\u00a0\u00bbon|phone\u00a0\u00bb global_colors_info=\u00a0\u00bb{}\u00a0\u00bb]<\/p>\n<h2>Studio LilithBaie<\/h2>\n<p>[\/et_pb_text][et_pb_text content_tablet=\u00a0\u00bb<\/p>\n<p>Repr\u00e9sentant l\u00e9gal : Carole Borie <em>(Entrepreneur individuel)<\/em><br \/>Num\u00e9ro de siret : 524 140 126 00045<br \/>D\u00e9claration d&rsquo;activit\u00e9 enregistr\u00e9e sous le num\u00e9ro 000000 aupr\u00e8s du pr\u00e9fet<br \/>de la r\u00e9gion de Nouvelle Aquitaine en France.<br \/><a href=%22mailto:carole@lilithbaie.fr%22>carole@lilithbaie.fr<\/a><br \/>07 81 80 30 82<\/p>\n<p>\u00a0\u00bb content_phone=\u00a0\u00bb<\/p>\n<p>Repr\u00e9sentant l\u00e9gal : Carole Borie <br \/><em>(Entrepreneur individuel)<\/em><br \/>Num\u00e9ro de siret : 524 140 126 00045<br \/><a href=%22mailto:carole@lilithbaie.fr%22>carole@lilithbaie.fr<\/a><br \/>07 81 80 30 82<\/p>\n<p>\u00a0\u00bb content_last_edited=\u00a0\u00bbon|phone\u00a0\u00bb _builder_version=\u00a0\u00bb4.27.5&Prime; _module_preset=\u00a0\u00bbdefault\u00a0\u00bb text_font_size_tablet=\u00a0\u00bb\u00a0\u00bb text_font_size_phone=\u00a0\u00bb\u00a0\u00bb text_font_size_last_edited=\u00a0\u00bbon|phone\u00a0\u00bb text_orientation_tablet=\u00a0\u00bb\u00a0\u00bb text_orientation_phone=\u00a0\u00bbcenter\u00a0\u00bb text_orientation_last_edited=\u00a0\u00bbon|phone\u00a0\u00bb global_colors_info=\u00a0\u00bb{}\u00a0\u00bb]<\/p>\n<p>Repr\u00e9sentant l\u00e9gal : Carole Borie <em>(Entrepreneur individuel)<\/em><br \/>Num\u00e9ro de siret : 524 140 126 00045<\/p>\n<p><strong>Si\u00e8ge social :<\/strong> Ar\u00e8s (33740) sur le Bassin d&rsquo; Arcachon en Gironde.<br \/><strong>Activit\u00e9s :<\/strong> Conception &amp; direction artistique plurim\u00e9dia, conseil en strat\u00e9gie de communication et ing\u00e9nierie p\u00e9dagogique.<br \/><strong>Zone de services :<\/strong> Ar\u00e8s, Nouvelle aquitaine, France et International (en distanciel).<\/p>\n<p><a href=\"mailto:carole@lilithbaie.fr\">carole@lilithbaie.fr<\/a><br \/>07 81 80 30 82<\/p>\n<p>[\/et_pb_text][et_pb_text content_tablet=\u00a0\u00bb<\/p>\n<p>Repr\u00e9sentant l\u00e9gal : Carole Borie <em>(Entrepreneur individuel)<\/em><br \/>Num\u00e9ro de siret : 524 140 126 00045<br \/>D\u00e9claration d&rsquo;activit\u00e9 enregistr\u00e9e sous le num\u00e9ro 000000 aupr\u00e8s du pr\u00e9fet<br \/>de la r\u00e9gion de Nouvelle Aquitaine en France.<br \/><a href=%22mailto:carole@lilithbaie.fr%22>carole@lilithbaie.fr<\/a><br \/>07 81 80 30 82<\/p>\n<p>\u00a0\u00bb content_phone=\u00a0\u00bb<\/p>\n<p>Repr\u00e9sentant l\u00e9gal : Carole Borie <br \/><em>(Entrepreneur individuel)<\/em><br \/>Num\u00e9ro de siret : 524 140 126 00045<br \/><a href=%22mailto:carole@lilithbaie.fr%22>carole@lilithbaie.fr<\/a><br \/>07 81 80 30 82<\/p>\n<p>\u00a0\u00bb content_last_edited=\u00a0\u00bbon|phone\u00a0\u00bb disabled_on=\u00a0\u00bbon|on|on\u00a0\u00bb _builder_version=\u00a0\u00bb4.27.5&Prime; _module_preset=\u00a0\u00bbdefault\u00a0\u00bb text_font_size_tablet=\u00a0\u00bb\u00a0\u00bb text_font_size_phone=\u00a0\u00bb\u00a0\u00bb text_font_size_last_edited=\u00a0\u00bbon|phone\u00a0\u00bb text_orientation_tablet=\u00a0\u00bb\u00a0\u00bb text_orientation_phone=\u00a0\u00bbcenter\u00a0\u00bb text_orientation_last_edited=\u00a0\u00bbon|phone\u00a0\u00bb disabled=\u00a0\u00bbon\u00a0\u00bb global_colors_info=\u00a0\u00bb{}\u00a0\u00bb]<\/p>\n<p>Repr\u00e9sentant l\u00e9gal : Carole Borie <em>(Entrepreneur individuel)<\/em><br \/>Num\u00e9ro de siret : 524 140 126 00045<br \/>D\u00e9claration d&rsquo;activit\u00e9 enregistr\u00e9e sous le num\u00e9ro 000000 aupr\u00e8s du pr\u00e9fet<br \/>de la r\u00e9gion de Nouvelle Aquitaine en France.<\/p>\n<p><strong>Si\u00e8ge social :<\/strong> Ar\u00e8s (33740) sur le Bassin d&rsquo; Arcachon en Gironde.<br \/><strong>Activit\u00e9s :<\/strong> Design graphique global, conseil en strat\u00e9gie de communication et ing\u00e9nierie p\u00e9dagogique.<br \/><strong>Zone de services :<\/strong> Ar\u00e8s, Nouvelle aquitaine, France et International (en distanciel).<\/p>\n<p><a href=\"mailto:carole@lilithbaie.fr\">carole@lilithbaie.fr<\/a><br \/>07 81 80 30 82<\/p>\n<p>[\/et_pb_text][et_pb_text _builder_version=\u00a0\u00bb4.27.5&Prime; _module_preset=\u00a0\u00bbdefault\u00a0\u00bb header_2_font=\u00a0\u00bbDomaine Narrow semibold||||||||\u00a0\u00bb header_2_font_size=\u00a0\u00bb24px\u00a0\u00bb header_2_letter_spacing=\u00a0\u00bb1px\u00a0\u00bb custom_margin=\u00a0\u00bb||5px|||\u00a0\u00bb header_2_text_align_tablet=\u00a0\u00bb\u00a0\u00bb header_2_text_align_phone=\u00a0\u00bbcenter\u00a0\u00bb header_2_text_align_last_edited=\u00a0\u00bbon|phone\u00a0\u00bb header_2_font_size_tablet=\u00a0\u00bb24px\u00a0\u00bb header_2_font_size_phone=\u00a0\u00bb22px\u00a0\u00bb header_2_font_size_last_edited=\u00a0\u00bbon|phone\u00a0\u00bb header_2_line_height_tablet=\u00a0\u00bb\u00a0\u00bb header_2_line_height_phone=\u00a0\u00bb1.2em\u00a0\u00bb header_2_line_height_last_edited=\u00a0\u00bbon|phone\u00a0\u00bb global_colors_info=\u00a0\u00bb{}\u00a0\u00bb]<\/p>\n<h2>H\u00e9bergeur<\/h2>\n<p>[\/et_pb_text][et_pb_text _builder_version=\u00a0\u00bb4.27.5&Prime; _module_preset=\u00a0\u00bbdefault\u00a0\u00bb text_orientation_tablet=\u00a0\u00bb\u00a0\u00bb text_orientation_phone=\u00a0\u00bbcenter\u00a0\u00bb text_orientation_last_edited=\u00a0\u00bbon|phone\u00a0\u00bb global_colors_info=\u00a0\u00bb{}\u00a0\u00bb]<\/p>\n<p><a href=\"https:\/\/www.ionos.fr\/\" target=\"_blank\" rel=\"noopener\" title=\"ionos\">1&amp;1 IONOS SARL<\/a><\/p>\n<p>[\/et_pb_text][et_pb_text _builder_version=\u00a0\u00bb4.27.5&Prime; _module_preset=\u00a0\u00bbdefault\u00a0\u00bb header_2_font=\u00a0\u00bbDomaine Narrow semibold||||||||\u00a0\u00bb header_2_font_size=\u00a0\u00bb24px\u00a0\u00bb header_2_letter_spacing=\u00a0\u00bb1px\u00a0\u00bb custom_margin=\u00a0\u00bb||5px|||\u00a0\u00bb header_2_text_align_tablet=\u00a0\u00bb\u00a0\u00bb header_2_text_align_phone=\u00a0\u00bbcenter\u00a0\u00bb header_2_text_align_last_edited=\u00a0\u00bbon|phone\u00a0\u00bb header_2_font_size_tablet=\u00a0\u00bb24px\u00a0\u00bb header_2_font_size_phone=\u00a0\u00bb22px\u00a0\u00bb header_2_font_size_last_edited=\u00a0\u00bbon|phone\u00a0\u00bb header_2_line_height_tablet=\u00a0\u00bb\u00a0\u00bb header_2_line_height_phone=\u00a0\u00bb1.2em\u00a0\u00bb header_2_line_height_last_edited=\u00a0\u00bbon|phone\u00a0\u00bb global_colors_info=\u00a0\u00bb{}\u00a0\u00bb]<\/p>\n<h2>Webdesign<\/h2>\n<p>[\/et_pb_text][et_pb_text content_tablet=\u00a0\u00bb<\/p>\n<p><span>Cr\u00e9dits \/ Cr\u00e9ation, D\u00e9veloppement &#038; Images<\/span><br \/><span>Cr\u00e9ation, design, architecture et r\u00e9f\u00e9rencement : <a href=%22\/\/lilithbaie.fr\/.fr %22 data-et-target-link=%22_blank%22 rel=%22noopener%22 title=%22lilithBaie%22>LilithBaie<\/a><\/span><br \/><span>Cr\u00e9dit photo : Adobe Stock \u00a9<br \/>IA int\u00e9gr\u00e9e : ChatGPT, Nano Banana<\/span><\/p>\n<p>\u00a0\u00bb content_phone=\u00a0\u00bb<\/p>\n<p><span>&#8211; Cr\u00e9dits \/ Cr\u00e9ation, D\u00e9veloppement &#038; Images<\/span><br \/><span>&#8211; Cr\u00e9ation, design, architecture <br \/>et r\u00e9f\u00e9rencement : <a href=%22\/\/lilithbaie.fr\/.fr %22 data-et-target-link=%22_blank%22 rel=%22noopener%22 title=%22lilithBaie%22>LilithBaie<\/a><\/span><br \/><span>&#8211; Cr\u00e9dit photo : Adobe Stock \u00a9<br \/>&#8211; IA int\u00e9gr\u00e9e : ChatGPT, Nano Banana<\/span><\/p>\n<p>\u00a0\u00bb content_last_edited=\u00a0\u00bbon|phone\u00a0\u00bb _builder_version=\u00a0\u00bb4.27.5&Prime; _module_preset=\u00a0\u00bbdefault\u00a0\u00bb text_orientation_tablet=\u00a0\u00bb\u00a0\u00bb text_orientation_phone=\u00a0\u00bbcenter\u00a0\u00bb text_orientation_last_edited=\u00a0\u00bbon|phone\u00a0\u00bb global_colors_info=\u00a0\u00bb{}\u00a0\u00bb]<\/p>\n<p><span>Cr\u00e9dits \/ Cr\u00e9ation, D\u00e9veloppement &amp; Images<\/span><br \/><span>Cr\u00e9ation, design, architecture et r\u00e9f\u00e9rencement : <a href=\"\/\/lilithbaie.fr\/.fr\u00a0\" target=\"_blank\" rel=\"noopener\" title=\"lilithBaie\">LilithBaie\u2122<\/a><\/span><br \/><span>Cr\u00e9dit photo : Adobe Stock \u00a9<br \/>IA int\u00e9gr\u00e9e : ChatGPT, Nano Banana<\/span><\/p>\n<p>[\/et_pb_text][et_pb_text _builder_version=\u00a0\u00bb4.27.5&Prime; _module_preset=\u00a0\u00bbdefault\u00a0\u00bb header_2_font=\u00a0\u00bbDomaine Narrow semibold||||||||\u00a0\u00bb header_2_font_size=\u00a0\u00bb24px\u00a0\u00bb header_2_letter_spacing=\u00a0\u00bb1px\u00a0\u00bb custom_margin=\u00a0\u00bb||5px|||\u00a0\u00bb header_2_text_align_tablet=\u00a0\u00bb\u00a0\u00bb header_2_text_align_phone=\u00a0\u00bbcenter\u00a0\u00bb header_2_text_align_last_edited=\u00a0\u00bbon|phone\u00a0\u00bb header_2_font_size_tablet=\u00a0\u00bb24px\u00a0\u00bb header_2_font_size_phone=\u00a0\u00bb22px\u00a0\u00bb header_2_font_size_last_edited=\u00a0\u00bbon|phone\u00a0\u00bb header_2_line_height_tablet=\u00a0\u00bb\u00a0\u00bb header_2_line_height_phone=\u00a0\u00bb1.2em\u00a0\u00bb header_2_line_height_last_edited=\u00a0\u00bbon|phone\u00a0\u00bb global_colors_info=\u00a0\u00bb{}\u00a0\u00bb]<\/p>\n<h2>R\u00e9f\u00e9rencement professionnel<\/h2>\n<p>[\/et_pb_text][et_pb_text content_tablet=\u00a0\u00bb<\/p>\n<p>LilithBaie dispose d&rsquo;une pr\u00e9sence sur des annuaires professionnels<br \/>afin d&rsquo;assurer la coh\u00e9rence et la visibilit\u00e9 de son activit\u00e9 :<br \/><a href=%22https:\/\/www.pagesjaunes.fr\/pros\/64507753%22 data-et-target-link=%22_blank%22 rel=%22noopener%22>Pages jaunes<\/a>, <a href=%22<a%20href=%22https:\/\/hoodspot.fr\/arts-plastiques\/lilithbaie-52414012600045\/%22 title=%22LilithBaie%22 data-et-target-link=%22_blank%22>https:\/\/hoodspot.fr\/arts-plastiques\/lilithbaie-52414012600045\/<\/a>%22 data-et-target-link=%22_blank%22 rel=%22noopener%22>Hoodspot<\/a>, <a href=%22https:\/\/share.google\/RREaLWkrpnbrtArmZ%22 data-et-target-link=%22_blank%22 rel=%22noopener%22>Google business<\/a><\/p>\n<p>\u00a0\u00bb content_phone=\u00a0\u00bbLilithBaie dispose d&rsquo;une pr\u00e9sence sur des annuaires professionnels afin d&rsquo;assurer la coh\u00e9rence et la visibilit\u00e9 de son activit\u00e9 : <a href=%22https:\/\/www.pagesjaunes.fr\/pros\/64507753%22 data-et-target-link=%22_blank%22 rel=%22noopener%22>Pages jaunes<\/a>, <a href=%22<a%20href=%22https:\/\/hoodspot.fr\/arts-plastiques\/lilithbaie-52414012600045\/%22 title=%22LilithBaie%22 data-et-target-link=%22_blank%22>https:\/\/hoodspot.fr\/arts-plastiques\/lilithbaie-52414012600045\/<\/a>%22 data-et-target-link=%22_blank%22 rel=%22noopener%22>Hoodspot<\/a>, <a href=%22https:\/\/share.google\/RREaLWkrpnbrtArmZ%22 data-et-target-link=%22_blank%22 rel=%22noopener%22>Google business<\/a>\u00a0\u00bb content_last_edited=\u00a0\u00bbon|phone\u00a0\u00bb _builder_version=\u00a0\u00bb4.27.5&Prime; _module_preset=\u00a0\u00bbdefault\u00a0\u00bb text_orientation_tablet=\u00a0\u00bb\u00a0\u00bb text_orientation_phone=\u00a0\u00bbcenter\u00a0\u00bb text_orientation_last_edited=\u00a0\u00bbon|phone\u00a0\u00bb global_colors_info=\u00a0\u00bb{}\u00a0\u00bb]<\/p>\n<p>LilithBaie dispose d&rsquo;une pr\u00e9sence sur des annuaires professionnels<br \/>afin d&rsquo;assurer la coh\u00e9rence et la visibilit\u00e9 de son activit\u00e9 :<br \/><a href=\"https:\/\/www.pagesjaunes.fr\/pros\/64507753\" target=\"_blank\" rel=\"noopener\">Pages jaunes<\/a>, <a href=\"&lt;a%20href=&quot;https:\/\/hoodspot.fr\/arts-plastiques\/lilithbaie-52414012600045\/&quot; title=&quot;LilithBaie&quot; target=&quot;_blank&quot;&gt;https:\/\/hoodspot.fr\/arts-plastiques\/lilithbaie-52414012600045\/&lt;\/a&gt;\" target=\"_blank\" rel=\"noopener\">Hoodspot<\/a>, <a href=\"https:\/\/share.google\/RREaLWkrpnbrtArmZ\" target=\"_blank\" rel=\"noopener\">Google business<\/a><\/p>\n<p>[\/et_pb_text][\/et_pb_column][\/et_pb_row][\/et_pb_section]<\/p>\n","protected":false},"excerpt":{"rendered":"<p>Mentions l\u00e9galesStudio LilithBaieRepr\u00e9sentant l\u00e9gal : Carole Borie (Entrepreneur individuel)Num\u00e9ro de siret : 524 140 126 00045 Si\u00e8ge social : Ar\u00e8s (33740) sur le Bassin d&rsquo; Arcachon en Gironde.Activit\u00e9s : Conception &amp; direction artistique plurim\u00e9dia, conseil en strat\u00e9gie de communication et ing\u00e9nierie p\u00e9dagogique.Zone de services : Ar\u00e8s, Nouvelle aquitaine, France et International (en distanciel). carole@lilithbaie.fr07 81 80 30 82Repr\u00e9sentant l\u00e9gal : Carole Borie (Entrepreneur individuel)Num\u00e9ro de siret : 524 140 126 00045D\u00e9claration d&rsquo;activit\u00e9 enregistr\u00e9e sous le num\u00e9ro 000000 aupr\u00e8s du pr\u00e9fetde la r\u00e9gion de Nouvelle Aquitaine en France. Si\u00e8ge social : Ar\u00e8s (33740) sur le Bassin d&rsquo; Arcachon en Gironde.Activit\u00e9s : Design graphique global, conseil en strat\u00e9gie de communication et ing\u00e9nierie p\u00e9dagogique.Zone de services : Ar\u00e8s, Nouvelle aquitaine, France et International (en distanciel). carole@lilithbaie.fr07 81 80 30 82H\u00e9bergeur1&amp;1 IONOS SARLWebdesignCr\u00e9dits \/ Cr\u00e9ation, D\u00e9veloppement &amp; ImagesCr\u00e9ation, design, architecture et r\u00e9f\u00e9rencement : LilithBaie\u2122Cr\u00e9dit photo : Adobe Stock \u00a9IA int\u00e9gr\u00e9e : ChatGPT, Nano BananaR\u00e9f\u00e9rencement professionnelLilithBaie dispose d&rsquo;une pr\u00e9sence sur des annuaires professionnelsafin d&rsquo;assurer la coh\u00e9rence et la visibilit\u00e9 de son activit\u00e9 :Pages jaunes, Hoodspot, Google business<\/p>","protected":false},"author":1,"featured_media":0,"parent":0,"menu_order":9,"comment_status":"closed","ping_status":"closed","template":"","meta":{"_et_pb_use_builder":"on","_et_pb_old_content":"","_et_gb_content_width":"","footnotes":""},"class_list":["post-7776","page","type-page","status-publish","hentry"],"yoast_head":"<!-- This site is optimized with the Yoast SEO Premium plugin v27.6 (Yoast SEO v27.6) - https:\/\/yoast.com\/product\/yoast-seo-premium-wordpress\/ -->\n<title>design-graphique-mentions l\u00e9gales-LilithBaie<\/title>\n<meta name=\"description\" content=\"Consultez les mentions l\u00e9gales pour comprendre les obligations de Carole Borie en tant qu&#039;entrepreneur individuel en Gironde.\" \/>\n<meta name=\"robots\" content=\"noindex, nofollow\" \/>\n<meta property=\"og:locale\" content=\"en_US\" \/>\n<meta property=\"og:type\" content=\"article\" \/>\n<meta property=\"og:title\" content=\"design-graphique-mentions l\u00e9gales\" \/>\n<meta property=\"og:description\" content=\"Consultez les mentions l\u00e9gales pour comprendre les obligations de Carole Borie en tant qu&#039;entrepreneur individuel en Gironde.\" \/>\n<meta property=\"og:url\" content=\"https:\/\/lilithbaie.fr\/en\/design-graphique-mentions-legales\/\" \/>\n<meta property=\"og:site_name\" content=\"LilithBaie\" \/>\n<meta property=\"article:modified_time\" content=\"2026-02-11T23:25:28+00:00\" \/>\n<meta name=\"twitter:card\" content=\"summary_large_image\" \/>\n<meta name=\"twitter:label1\" content=\"Est. reading time\" \/>\n\t<meta name=\"twitter:data1\" content=\"2 minutes\" \/>\n<script type=\"application\/ld+json\" class=\"yoast-schema-graph\">{\"@context\":\"https:\\\/\\\/schema.org\",\"@graph\":[{\"@type\":\"WebPage\",\"@id\":\"https:\\\/\\\/lilithbaie.fr\\\/design-graphique-mentions-legales\\\/\",\"url\":\"https:\\\/\\\/lilithbaie.fr\\\/design-graphique-mentions-legales\\\/\",\"name\":\"design-graphique-mentions l\u00e9gales-LilithBaie\",\"isPartOf\":{\"@id\":\"https:\\\/\\\/lilithbaie.fr\\\/#website\"},\"datePublished\":\"2025-12-06T10:03:05+00:00\",\"dateModified\":\"2026-02-11T23:25:28+00:00\",\"description\":\"Consultez les mentions l\u00e9gales pour comprendre les obligations de Carole Borie en tant qu'entrepreneur individuel en Gironde.\",\"breadcrumb\":{\"@id\":\"https:\\\/\\\/lilithbaie.fr\\\/design-graphique-mentions-legales\\\/#breadcrumb\"},\"inLanguage\":\"en-US\",\"potentialAction\":[{\"@type\":\"ReadAction\",\"target\":[\"https:\\\/\\\/lilithbaie.fr\\\/design-graphique-mentions-legales\\\/\"]}]},{\"@type\":\"BreadcrumbList\",\"@id\":\"https:\\\/\\\/lilithbaie.fr\\\/design-graphique-mentions-legales\\\/#breadcrumb\",\"itemListElement\":[{\"@type\":\"ListItem\",\"position\":1,\"name\":\"Accueil\",\"item\":\"https:\\\/\\\/lilithbaie.fr\\\/\"},{\"@type\":\"ListItem\",\"position\":2,\"name\":\"design-graphique-mentions l\u00e9gales\"}]},{\"@type\":\"WebSite\",\"@id\":\"https:\\\/\\\/lilithbaie.fr\\\/#website\",\"url\":\"https:\\\/\\\/lilithbaie.fr\\\/\",\"name\":\"LilithBaie\",\"description\":\"Designer graphique\",\"publisher\":{\"@id\":\"https:\\\/\\\/lilithbaie.fr\\\/#organization\"},\"potentialAction\":[{\"@type\":\"SearchAction\",\"target\":{\"@type\":\"EntryPoint\",\"urlTemplate\":\"https:\\\/\\\/lilithbaie.fr\\\/?s={search_term_string}\"},\"query-input\":{\"@type\":\"PropertyValueSpecification\",\"valueRequired\":true,\"valueName\":\"search_term_string\"}}],\"inLanguage\":\"en-US\"},{\"@type\":\"Organization\",\"@id\":\"https:\\\/\\\/lilithbaie.fr\\\/#organization\",\"name\":\"LilithBaie\",\"url\":\"https:\\\/\\\/lilithbaie.fr\\\/\",\"logo\":{\"@type\":\"ImageObject\",\"inLanguage\":\"en-US\",\"@id\":\"https:\\\/\\\/lilithbaie.fr\\\/#\\\/schema\\\/logo\\\/image\\\/\",\"url\":\"https:\\\/\\\/lilithbaie.fr\\\/wp-content\\\/uploads\\\/2026\\\/01\\\/Site-Logo-lilithBaie-Referencement-1024x1024.png\",\"contentUrl\":\"https:\\\/\\\/lilithbaie.fr\\\/wp-content\\\/uploads\\\/2026\\\/01\\\/Site-Logo-lilithBaie-Referencement-1024x1024.png\",\"width\":1024,\"height\":1024,\"caption\":\"LilithBaie\"},\"image\":{\"@id\":\"https:\\\/\\\/lilithbaie.fr\\\/#\\\/schema\\\/logo\\\/image\\\/\"},\"sameAs\":[\"https:\\\/\\\/www.linkedin.com\\\/in\\\/lilithbaie-conception-direction-artistique\"],\"description\":\"LilithBaie est un studio de communication et de direction artistique 360\u00b0 fond\u00e9 par Carole Borie. Bas\u00e9 sur le Bassin d\u2019Arcachon, le studio accompagne les entrepreneurs, ind\u00e9pendants et structures en local, en France et \u00e0 l\u2019international dans la construction d\u2019images de marque coh\u00e9rentes et durables. LilithBaie intervient en branding, design graphique, web design SEO, supports print et digitaux, motion design, strat\u00e9gie de communication globale, storytelling et r\u00e9cit avec une approche humaine et authentique.\",\"email\":\"administration@lilithbaie.fr\",\"telephone\":\"0781803082\",\"legalName\":\"Carole Borie\",\"foundingDate\":\"2010-08-01\",\"taxID\":\"52414012600045\",\"numberOfEmployees\":{\"@type\":\"QuantitativeValue\",\"minValue\":\"1\",\"maxValue\":\"10\"}}]}<\/script>\n<!-- \/ Yoast SEO Premium plugin. -->","yoast_head_json":{"title":"design-graphique-mentions l\u00e9gales-LilithBaie","description":"Consultez les mentions l\u00e9gales pour comprendre les obligations de Carole Borie en tant qu'entrepreneur individuel en Gironde.","robots":{"index":"noindex","follow":"nofollow"},"og_locale":"en_US","og_type":"article","og_title":"design-graphique-mentions l\u00e9gales","og_description":"Consultez les mentions l\u00e9gales pour comprendre les obligations de Carole Borie en tant qu'entrepreneur individuel en Gironde.","og_url":"https:\/\/lilithbaie.fr\/en\/design-graphique-mentions-legales\/","og_site_name":"LilithBaie","article_modified_time":"2026-02-11T23:25:28+00:00","twitter_card":"summary_large_image","twitter_misc":{"Est. reading time":"2 minutes"},"schema":{"@context":"https:\/\/schema.org","@graph":[{"@type":"WebPage","@id":"https:\/\/lilithbaie.fr\/design-graphique-mentions-legales\/","url":"https:\/\/lilithbaie.fr\/design-graphique-mentions-legales\/","name":"design-graphique-mentions l\u00e9gales-LilithBaie","isPartOf":{"@id":"https:\/\/lilithbaie.fr\/#website"},"datePublished":"2025-12-06T10:03:05+00:00","dateModified":"2026-02-11T23:25:28+00:00","description":"Consultez les mentions l\u00e9gales pour comprendre les obligations de Carole Borie en tant qu'entrepreneur individuel en Gironde.","breadcrumb":{"@id":"https:\/\/lilithbaie.fr\/design-graphique-mentions-legales\/#breadcrumb"},"inLanguage":"en-US","potentialAction":[{"@type":"ReadAction","target":["https:\/\/lilithbaie.fr\/design-graphique-mentions-legales\/"]}]},{"@type":"BreadcrumbList","@id":"https:\/\/lilithbaie.fr\/design-graphique-mentions-legales\/#breadcrumb","itemListElement":[{"@type":"ListItem","position":1,"name":"Accueil","item":"https:\/\/lilithbaie.fr\/"},{"@type":"ListItem","position":2,"name":"design-graphique-mentions l\u00e9gales"}]},{"@type":"WebSite","@id":"https:\/\/lilithbaie.fr\/#website","url":"https:\/\/lilithbaie.fr\/","name":"LilithBaie","description":"Designer graphique","publisher":{"@id":"https:\/\/lilithbaie.fr\/#organization"},"potentialAction":[{"@type":"SearchAction","target":{"@type":"EntryPoint","urlTemplate":"https:\/\/lilithbaie.fr\/?s={search_term_string}"},"query-input":{"@type":"PropertyValueSpecification","valueRequired":true,"valueName":"search_term_string"}}],"inLanguage":"en-US"},{"@type":"Organization","@id":"https:\/\/lilithbaie.fr\/#organization","name":"LilithBaie","url":"https:\/\/lilithbaie.fr\/","logo":{"@type":"ImageObject","inLanguage":"en-US","@id":"https:\/\/lilithbaie.fr\/#\/schema\/logo\/image\/","url":"https:\/\/lilithbaie.fr\/wp-content\/uploads\/2026\/01\/Site-Logo-lilithBaie-Referencement-1024x1024.png","contentUrl":"https:\/\/lilithbaie.fr\/wp-content\/uploads\/2026\/01\/Site-Logo-lilithBaie-Referencement-1024x1024.png","width":1024,"height":1024,"caption":"LilithBaie"},"image":{"@id":"https:\/\/lilithbaie.fr\/#\/schema\/logo\/image\/"},"sameAs":["https:\/\/www.linkedin.com\/in\/lilithbaie-conception-direction-artistique"],"description":"LilithBaie est un studio de communication et de direction artistique 360\u00b0 fond\u00e9 par Carole Borie. Bas\u00e9 sur le Bassin d\u2019Arcachon, le studio accompagne les entrepreneurs, ind\u00e9pendants et structures en local, en France et \u00e0 l\u2019international dans la construction d\u2019images de marque coh\u00e9rentes et durables. LilithBaie intervient en branding, design graphique, web design SEO, supports print et digitaux, motion design, strat\u00e9gie de communication globale, storytelling et r\u00e9cit avec une approche humaine et authentique.","email":"administration@lilithbaie.fr","telephone":"0781803082","legalName":"Carole Borie","foundingDate":"2010-08-01","taxID":"52414012600045","numberOfEmployees":{"@type":"QuantitativeValue","minValue":"1","maxValue":"10"}}]}},"_links":{"self":[{"href":"https:\/\/lilithbaie.fr\/en\/wp-json\/wp\/v2\/pages\/7776","targetHints":{"allow":["GET"]}}],"collection":[{"href":"https:\/\/lilithbaie.fr\/en\/wp-json\/wp\/v2\/pages"}],"about":[{"href":"https:\/\/lilithbaie.fr\/en\/wp-json\/wp\/v2\/types\/page"}],"author":[{"embeddable":true,"href":"https:\/\/lilithbaie.fr\/en\/wp-json\/wp\/v2\/users\/1"}],"replies":[{"embeddable":true,"href":"https:\/\/lilithbaie.fr\/en\/wp-json\/wp\/v2\/comments?post=7776"}],"version-history":[{"count":18,"href":"https:\/\/lilithbaie.fr\/en\/wp-json\/wp\/v2\/pages\/7776\/revisions"}],"predecessor-version":[{"id":9599,"href":"https:\/\/lilithbaie.fr\/en\/wp-json\/wp\/v2\/pages\/7776\/revisions\/9599"}],"wp:attachment":[{"href":"https:\/\/lilithbaie.fr\/en\/wp-json\/wp\/v2\/media?parent=7776"}],"curies":[{"name":"wp","href":"https:\/\/api.w.org\/{rel}","templated":true}]}}